{"id":384,"date":"2021-10-07T13:31:33","date_gmt":"2021-10-07T18:31:33","guid":{"rendered":"https:\/\/ilx.mx\/?page_id=384"},"modified":"2021-10-07T13:31:34","modified_gmt":"2021-10-07T18:31:34","slug":"impressum-und-rechtliche-hinweise","status":"publish","type":"page","link":"https:\/\/bea-sophia.com\/de\/impressum-und-rechtliche-hinweise\/","title":{"rendered":"Impressum und rechtliche Hinweise"},"content":{"rendered":"\n<p><strong>Bea Sophia &#8211; Coach f\u00fcr Bewusstes Leben, Berlin<\/strong><\/p>\n\n\n\n<p><a href=\"tel:+493060606308\">Telefon: 030 \/ 60 60 63 08<\/a><br>E-Mail: bea[@]bea-sophia[.]com<\/p>\n\n\n\n<p><br>Haftungsausschuss:<br>Wir sind bem\u00fcht, auf dieser Webseite richtige und vollst\u00e4ndige Informationen zur Verf\u00fcgung zu stellen, \u00fcbernehmen jedoch keine Haftung oder Garantie f\u00fcr die Aktualit\u00e4t, Richtigkeit und Vollst\u00e4ndigkeit der Angaben. Dies gilt auch f\u00fcr alle Verbindungen (&#8220;Links&#8221;), auf die diese Webseite direkt oder indirekt verweist. F\u00fcr den Inhalt der verlinkten Seiten sind ausschlie\u00dflich deren Betreiber verantwortlich. Der Inhalt dieser Webseite ist urheberrechtlich gesch\u00fctzt. Vervielf\u00e4ltigung, Speicherung und Nachdruck nur mit ausdr\u00fccklicher, schriftlicher Genehmigung.<\/p>\n","protected":false},"excerpt":{"rendered":"<p>Bea Sophia &#8211; Coach f\u00fcr Bewusstes Leben, Berlin Telefon: 030 \/ 60 60 63 08E-Mail: bea[@]bea-sophia[.]com Haftungsausschuss:Wir sind bem\u00fcht, auf dieser Webseite richtige und vollst\u00e4ndige Informationen zur Verf\u00fcgung zu stellen, \u00fcbernehmen jedoch keine Haftung oder Garantie f\u00fcr die Aktualit\u00e4t, Richtigkeit und Vollst\u00e4ndigkeit der Angaben. Dies gilt auch f\u00fcr alle Verbindungen (&#8220;Links&#8221;), auf die diese Webseite&hellip;&nbsp;<a href=\"https:\/\/bea-sophia.com\/de\/impressum-und-rechtliche-hinweise\/\" rel=\"bookmark\">Weiterlesen &raquo;<span class=\"screen-reader-text\">Impressum und rechtliche Hinweise<\/span><\/a><\/p>\n","protected":false},"author":1,"featured_media":0,"parent":0,"menu_order":0,"comment_status":"closed","ping_status":"closed","template":"","meta":{"neve_meta_sidebar":"","neve_meta_container":"","neve_meta_enable_content_width":"","neve_meta_content_width":0,"neve_meta_title_alignment":"","neve_meta_author_avatar":"","neve_post_elements_order":"","neve_meta_disable_header":"","neve_meta_disable_footer":"","neve_meta_disable_title":"","footnotes":""},"class_list":["post-384","page","type-page","status-publish","hentry"],"_links":{"self":[{"href":"https:\/\/bea-sophia.com\/de\/wp-json\/wp\/v2\/pages\/384","targetHints":{"allow":["GET"]}}],"collection":[{"href":"https:\/\/bea-sophia.com\/de\/wp-json\/wp\/v2\/pages"}],"about":[{"href":"https:\/\/bea-sophia.com\/de\/wp-json\/wp\/v2\/types\/page"}],"author":[{"embeddable":true,"href":"https:\/\/bea-sophia.com\/de\/wp-json\/wp\/v2\/users\/1"}],"replies":[{"embeddable":true,"href":"https:\/\/bea-sophia.com\/de\/wp-json\/wp\/v2\/comments?post=384"}],"version-history":[{"count":1,"href":"https:\/\/bea-sophia.com\/de\/wp-json\/wp\/v2\/pages\/384\/revisions"}],"predecessor-version":[{"id":386,"href":"https:\/\/bea-sophia.com\/de\/wp-json\/wp\/v2\/pages\/384\/revisions\/386"}],"wp:attachment":[{"href":"https:\/\/bea-sophia.com\/de\/wp-json\/wp\/v2\/media?parent=384"}],"curies":[{"name":"wp","href":"https:\/\/api.w.org\/{rel}","templated":true}]}}